{"id":5518,"date":"2021-04-14T09:32:48","date_gmt":"2021-04-14T07:32:48","guid":{"rendered":"https:\/\/eftexlogistics.nl\/start\/"},"modified":"2021-05-12T14:41:18","modified_gmt":"2021-05-12T12:41:18","slug":"start","status":"publish","type":"page","link":"https:\/\/www.eftexlogistics.nl\/de\/","title":{"rendered":"Start"},"content":{"rendered":"<div class=\"gb-container gb-container-97b706f1\" id=\"frontpage__hero--01\"><div class=\"gb-inside-container\">\n<div class=\"gb-grid-wrapper gb-grid-wrapper-cde49b24\">\n<div class=\"gb-grid-column gb-grid-column-6d499eb2\"><div class=\"gb-container gb-container-6d499eb2\"><div class=\"gb-inside-container\">\n<h1 class=\"gb-headline gb-headline-7a429760 gb-headline-text\">Zuverl\u00e4ssiger Partner im kosteng\u00fcnstigen Transport aus Benelux in die Schweiz und umgekehrt<\/h1>\n\n<p class=\"gb-headline gb-headline-f344d619 gb-headline-text\">Ihr One-Stop-Shop f\u00fcr Transporte <br>bis zu 25 t aus Benelux in die Schweiz und umgekehrt.<\/p>\r\n\n\n<div class=\"gb-button-wrapper gb-button-wrapper-bd453d1e\">\n<a class=\"gb-button gb-button-e43d00bb gb-button-text btn-primary btn-shadow btn-animation btn-ghost-primary\" href=\"https:\/\/www.eftexlogistics.nl\/de\/angebot-fuer-einen-transport-von-der-oder-in-die-schweiz-anfordern\/\">Angebot anfordern<\/a>\n\n<a class=\"gb-button gb-button-1e512026 gb-button-text btn-primary btn-shadow btn-animation\" href=\"https:\/\/www.eftexlogistics.nl\/de\/kontakt\/\">Kontakt aufnehmen<\/a>\n<\/div>\n<\/div><\/div><\/div>\n<\/div>\n<\/div><div class=\"gb-shapes\"><div class=\"gb-shape gb-shape-1\"><svg xmlns=\"http:\/\/www.w3.org\/2000\/svg\" viewBox=\"0 0 1200 70\" preserveAspectRatio=\"none\"><path d=\"M1200 0v70H0V0h530l70 50 70-50z\"\/><\/svg><\/div><\/div><\/div><div class=\"gb-container gb-container-3f23c33d\"><div class=\"gb-inside-container\">\n\n<div class=\"wp-block-columns row--frontpage-3bloks is-layout-flex wp-container-core-columns-is-layout-9d6595d7 wp-block-columns-is-layout-flex\">\n<div class=\"wp-block-column column-shadow column-animation column-hover-bg is-layout-flow wp-block-column-is-layout-flow\">\n<div class=\"wp-block-image is-style-default\"><figure class=\"aligncenter size-large is-resized\"><img loading=\"lazy\" decoding=\"async\" src=\"https:\/\/www.eftexlogistics.nl\/wp-content\/uploads\/\/2021\/01\/vector-management-group.svg\" alt=\"\" class=\"wp-image-5520\" width=\"75\" height=\"75\"\/><\/figure><\/div>\n\n\n\n<h2 class=\"has-text-align-center wp-block-heading\"><strong>Pers\u00f6nlicher Ansprechpartner<\/strong><\/h2>\n\n\n\n<p class=\"has-text-align-center\">Ein effizienter Transport aus Benelux in die Schweiz und umgekehrt erfolgt in Abstimmung mit einem unserer Experten. Ihnen wird ein erfahrener Ansprechpartner zugewiesen, der Ihnen pers\u00f6nlich zu Diensten steht.<\/p>\n<\/div>\n\n\n\n<div class=\"wp-block-column column-shadow column-animation column-hover-bg is-layout-flow wp-block-column-is-layout-flow\">\n<div class=\"wp-block-image is-style-default\"><figure class=\"aligncenter size-large is-resized\"><img loading=\"lazy\" decoding=\"async\" src=\"https:\/\/www.eftexlogistics.nl\/wp-content\/uploads\/\/2021\/01\/vector-sustainable-green.svg\" alt=\"\" class=\"wp-image-5523\" width=\"75\" height=\"75\"\/><\/figure><\/div>\n\n\n\n<h2 class=\"has-text-align-center wp-block-heading\"><strong>Nachhaltige kundenspezifische L\u00f6sungen<\/strong><\/h2>\n\n\n\n<p class=\"has-text-align-center\">F\u00fcr den Transport aus Benelux in die Schweiz und umgekehrt stehen verschiedene M\u00f6glichkeiten zur Auswahl. Dementsprechend liefern wir f\u00fcr jeden Transport ein St\u00fcck Ma\u00dfarbeit. Die beste L\u00f6sung erspart Kosten, Zeit und schont die Umwelt.<\/p>\n<\/div>\n\n\n\n<div class=\"wp-block-column column-shadow column-animation column-hover-bg is-layout-flow wp-block-column-is-layout-flow\">\n<div class=\"wp-block-image is-style-default\"><figure class=\"aligncenter size-large is-resized\"><img loading=\"lazy\" decoding=\"async\" src=\"https:\/\/www.eftexlogistics.nl\/wp-content\/uploads\/\/2021\/01\/vector-delivery-truck-with-circular-clock.svg\" alt=\"\" class=\"wp-image-5526\" width=\"75\" height=\"75\"\/><\/figure><\/div>\n\n\n\n<h2 class=\"has-text-align-center wp-block-heading\"><strong>Unsere Vereinbarung steht!<\/strong><\/h2>\n\n\n\n<p class=\"has-text-align-center\">Wir handhaben eine goldene Regel: Wir halten uns an unsere Vereinbarungen. Unsere jahrelange Erfahrung und Expertise versetzt uns in die Lage, Situationen gut einsch\u00e4tzen zu k\u00f6nnen. So gew\u00e4hrleisten wir eine termingerechte Lieferung.<\/p>\n<\/div>\n<\/div>\n\n<\/div><\/div><div class=\"gb-container gb-container-4b914674\"><div class=\"gb-inside-container\">\n<div class=\"gb-grid-wrapper gb-grid-wrapper-b4cdf164\">\n<div class=\"gb-grid-column gb-grid-column-8d1da4a6\"><div class=\"gb-container gb-container-8d1da4a6\"><div class=\"gb-inside-container\">\n<h3 class=\"gb-headline gb-headline-5238e8f1 gb-headline-text\"><strong>Unbesorgt unterwegs mit EFTEX Logistics<\/strong><\/h3>\n\n<div class=\"gb-headline gb-headline-48079fe0\"><span class=\"gb-icon\"><svg viewBox=\"0 0 36.7 3\" xmlns=\"http:\/\/www.w3.org\/2000\/svg\"><path d=\"M0 0h36.7v3H0z\"><\/path><\/svg><\/span><\/div>\n\n\n<p class=\"has-text-align-center\">Der G\u00fctertransport aus Benelux in die Schweiz und umgekehrt birgt eine Reihe von Herausforderungen. Wir verstehen das wie kein anderer. Tagt\u00e4glich entlasten wir unz\u00e4hlige Verlader und Logistikdienstleister rund um den G\u00fcterverkehr aus Benelux in die Schweiz und umgekehrt. Auf diese Weise k\u00f6nnen diese sich voll und ganz auf ihre eigene Expertise konzentrieren. Die wertvollen G\u00fcter ihrer Auftraggeber sind bei unseren Fahrern und Disponenten in sicheren H\u00e4nden. Erfahrene Fachleute mit einem Herz f\u00fcr Schweiz-Transporte.<\/p>\n\n\n\n<p><\/p>\n\n\n\n<p class=\"has-text-align-center\"><strong>Erleben Sie EFTEX Logistics. Nehmen Sie unverbindlich Kontakt mit uns auf.<\/strong><\/p>\n\n\n<div class=\"gb-button-wrapper gb-button-wrapper-19d63c17\">\n<a class=\"gb-button gb-button-091e6221 gb-button-text btn-primary btn-shadow btn-animation btn-ghost-primary\" href=\"https:\/\/www.eftexlogistics.nl\/de\/kontakt\/\">Kontakt aufnehmen<\/a>\n<\/div>\n\n\n<p><\/p>\n\n<\/div><\/div><\/div>\n<\/div>\n<\/div><div class=\"gb-shapes\"><div class=\"gb-shape gb-shape-1\"><svg xmlns=\"http:\/\/www.w3.org\/2000\/svg\" viewBox=\"0 0 1200 70\" preserveAspectRatio=\"none\"><path d=\"M670 50L600 0l-70 50H0v20h1200V50z\"\/><\/svg><\/div><div class=\"gb-shape gb-shape-2\"><svg xmlns=\"http:\/\/www.w3.org\/2000\/svg\" viewBox=\"0 0 1200 70\" preserveAspectRatio=\"none\"><path d=\"M1200 0v70H0V0h530l70 50 70-50z\"\/><\/svg><\/div><\/div><\/div><div class=\"gb-container gb-container-ba0040e4\"><div class=\"gb-inside-container\">\n<div class=\"gb-container gb-container-375b7782\"><div class=\"gb-inside-container\">\n<h2 class=\"gb-headline gb-headline-729b2842 gb-headline-text\"><strong>EFTEX LOGISTICS<\/strong><\/h2>\n<\/div><\/div>\n\n<div class=\"gb-grid-wrapper gb-grid-wrapper-0c977d6f\">\n<div class=\"gb-grid-column gb-grid-column-6f802bc2\"><div class=\"gb-container gb-container-6f802bc2\"><div class=\"gb-inside-container\">\n<p class=\"gb-headline gb-headline-ac4ec9b3\"><span class=\"gb-icon\"><svg viewBox=\"0 0 16 24\" xmlns=\"http:\/\/www.w3.org\/2000\/svg\"><path d=\"M8 16c-4.4 0-8-3.6-8-8s3.6-8 8-8 8 3.6 8 8-3.6 8-8 8zM8 2C4.7 2 2 4.7 2 8s2.7 6 6 6 6-2.7 6-6-2.7-6-6-6z\"><\/path><path d=\"M13 24c-.2 0-.4 0-.5-.1L8 21.2l-4.5 2.7c-.3.2-.7.2-1.1 0-.3-.2-.5-.6-.4-1l1.2-9.1c.1-.5.6-.9 1.1-.9.6.1 1 .6.9 1.1l-.9 7.1 3.2-1.9c.3-.2.7-.2 1 0l3.2 1.9-.9-7.1c-.1-.5.3-1.1.9-1.1.6-.1 1.1.3 1.1.9l1.2 9.1c.1.4-.1.8-.4 1-.2 0-.4.1-.6.1z\"><\/path><\/svg><\/span><span class=\"gb-headline-text\">Spezialist f\u00fcr Schweiz-Transporte<\/span><\/p>\r\n\n\n<p class=\"gb-headline gb-headline-b24c7087\"><span class=\"gb-icon\"><svg viewBox=\"0 0 16 24\" xmlns=\"http:\/\/www.w3.org\/2000\/svg\"><path d=\"M8 16c-4.4 0-8-3.6-8-8s3.6-8 8-8 8 3.6 8 8-3.6 8-8 8zM8 2C4.7 2 2 4.7 2 8s2.7 6 6 6 6-2.7 6-6-2.7-6-6-6z\"><\/path><path d=\"M13 24c-.2 0-.4 0-.5-.1L8 21.2l-4.5 2.7c-.3.2-.7.2-1.1 0-.3-.2-.5-.6-.4-1l1.2-9.1c.1-.5.6-.9 1.1-.9.6.1 1 .6.9 1.1l-.9 7.1 3.2-1.9c.3-.2.7-.2 1 0l3.2 1.9-.9-7.1c-.1-.5.3-1.1.9-1.1.6-.1 1.1.3 1.1.9l1.2 9.1c.1.4-.1.8-.4 1-.2 0-.4.1-.6.1z\"><\/path><\/svg><\/span><span class=\"gb-headline-text\">Effiziente Planung<\/span><\/p>\r\n\n<\/div><\/div><\/div>\n\n<div class=\"gb-grid-column gb-grid-column-b5840ce4\"><div class=\"gb-container gb-container-b5840ce4\"><div class=\"gb-inside-container\">\n<p class=\"gb-headline gb-headline-27166d2d\"><span class=\"gb-icon\"><svg viewBox=\"0 0 16 24\" xmlns=\"http:\/\/www.w3.org\/2000\/svg\"><path d=\"M8 16c-4.4 0-8-3.6-8-8s3.6-8 8-8 8 3.6 8 8-3.6 8-8 8zM8 2C4.7 2 2 4.7 2 8s2.7 6 6 6 6-2.7 6-6-2.7-6-6-6z\"><\/path><path d=\"M13 24c-.2 0-.4 0-.5-.1L8 21.2l-4.5 2.7c-.3.2-.7.2-1.1 0-.3-.2-.5-.6-.4-1l1.2-9.1c.1-.5.6-.9 1.1-.9.6.1 1 .6.9 1.1l-.9 7.1 3.2-1.9c.3-.2.7-.2 1 0l3.2 1.9-.9-7.1c-.1-.5.3-1.1.9-1.1.6-.1 1.1.3 1.1.9l1.2 9.1c.1.4-.1.8-.4 1-.2 0-.4.1-.6.1z\"><\/path><\/svg><\/span><span class=\"gb-headline-text\">Moderne Ausr\u00fcstung<\/span><\/p>\r\n\n\n<p class=\"gb-headline gb-headline-36883a3b\"><span class=\"gb-icon\"><svg viewBox=\"0 0 16 24\" xmlns=\"http:\/\/www.w3.org\/2000\/svg\"><path d=\"M8 16c-4.4 0-8-3.6-8-8s3.6-8 8-8 8 3.6 8 8-3.6 8-8 8zM8 2C4.7 2 2 4.7 2 8s2.7 6 6 6 6-2.7 6-6-2.7-6-6-6z\"><\/path><path d=\"M13 24c-.2 0-.4 0-.5-.1L8 21.2l-4.5 2.7c-.3.2-.7.2-1.1 0-.3-.2-.5-.6-.4-1l1.2-9.1c.1-.5.6-.9 1.1-.9.6.1 1 .6.9 1.1l-.9 7.1 3.2-1.9c.3-.2.7-.2 1 0l3.2 1.9-.9-7.1c-.1-.5.3-1.1.9-1.1.6-.1 1.1.3 1.1.9l1.2 9.1c.1.4-.1.8-.4 1-.2 0-.4.1-.6.1z\"><\/path><\/svg><\/span><span class=\"gb-headline-text\">Engagierter Zollabfertigungsservice<\/span><\/p>\r\n\n<\/div><\/div><\/div>\n<\/div>\n<\/div><\/div>\n<p><\/p>\n","protected":false},"excerpt":{"rendered":"<p>Pers\u00f6nlicher Ansprechpartner Ein effizienter Transport aus Benelux in die Schweiz und umgekehrt erfolgt in Abstimmung mit einem unserer Experten. Ihnen wird ein erfahrener Ansprechpartner zugewiesen, der Ihnen pers\u00f6nlich zu Diensten steht. Nachhaltige kundenspezifische L\u00f6sungen F\u00fcr den Transport aus Benelux in die Schweiz und umgekehrt stehen verschiedene M\u00f6glichkeiten zur Auswahl. Dementsprechend liefern wir f\u00fcr jeden Transport &#8230; <\/p>\n<p class=\"read-more-container\"><a title=\"Start\" class=\"read-more button\" href=\"https:\/\/www.eftexlogistics.nl\/de\/#more-5518\" aria-label=\"Mehr Informationen \u00fcber Start\">Weiterlesen &#8230;<\/a><\/p>\n","protected":false},"author":1,"featured_media":0,"parent":0,"menu_order":10,"comment_status":"closed","ping_status":"closed","template":"","meta":{"_acf_changed":false,"inline_featured_image":false,"footnotes":""},"class_list":["post-5518","page","type-page","status-publish"],"acf":[],"yoast_head":"<title>Transport aus Benelux in die Schweiz und umgekehrt<\/title>\n<meta name=\"description\" content=\"Tagt\u00e4glich entlasten wir unz\u00e4hlige Verlader und Logistikdienstleister rund um den G\u00fcterverkehr aus Benelux in die Schweiz und umgekehrt.\" \/>\n<meta name=\"robots\" content=\"index, follow, max-snippet:-1, max-image-preview:large, max-video-preview:-1\" \/>\n<link rel=\"canonical\" href=\"https:\/\/www.eftexlogistics.nl\/de\/\" \/>\n<meta name=\"twitter:label1\" content=\"Gesch\u00e4tzte Lesezeit\" \/>\n\t<meta name=\"twitter:data1\" content=\"1\u00a0Minute\" \/>\n<script type=\"application\/ld+json\" class=\"yoast-schema-graph\">{\"@context\":\"https:\\\/\\\/schema.org\",\"@graph\":[{\"@type\":\"WebPage\",\"@id\":\"https:\\\/\\\/www.eftexlogistics.nl\\\/de\\\/\",\"url\":\"https:\\\/\\\/www.eftexlogistics.nl\\\/de\\\/\",\"name\":\"Transport aus Benelux in die Schweiz und umgekehrt\",\"isPartOf\":{\"@id\":\"https:\\\/\\\/www.eftexlogistics.nl\\\/de\\\/#website\"},\"primaryImageOfPage\":{\"@id\":\"https:\\\/\\\/www.eftexlogistics.nl\\\/de\\\/#primaryimage\"},\"image\":{\"@id\":\"https:\\\/\\\/www.eftexlogistics.nl\\\/de\\\/#primaryimage\"},\"thumbnailUrl\":\"https:\\\/\\\/www.eftexlogistics.nl\\\/wp-content\\\/uploads\\\/\\\/2021\\\/01\\\/vector-management-group.svg\",\"datePublished\":\"2021-04-14T07:32:48+00:00\",\"dateModified\":\"2021-05-12T12:41:18+00:00\",\"description\":\"Tagt\u00e4glich entlasten wir unz\u00e4hlige Verlader und Logistikdienstleister rund um den G\u00fcterverkehr aus Benelux in die Schweiz und umgekehrt.\",\"breadcrumb\":{\"@id\":\"https:\\\/\\\/www.eftexlogistics.nl\\\/de\\\/#breadcrumb\"},\"inLanguage\":\"de\",\"potentialAction\":[{\"@type\":\"ReadAction\",\"target\":[\"https:\\\/\\\/www.eftexlogistics.nl\\\/de\\\/\"]}]},{\"@type\":\"ImageObject\",\"inLanguage\":\"de\",\"@id\":\"https:\\\/\\\/www.eftexlogistics.nl\\\/de\\\/#primaryimage\",\"url\":\"https:\\\/\\\/www.eftexlogistics.nl\\\/wp-content\\\/uploads\\\/\\\/2021\\\/01\\\/vector-management-group.svg\",\"contentUrl\":\"https:\\\/\\\/www.eftexlogistics.nl\\\/wp-content\\\/uploads\\\/\\\/2021\\\/01\\\/vector-management-group.svg\"},{\"@type\":\"BreadcrumbList\",\"@id\":\"https:\\\/\\\/www.eftexlogistics.nl\\\/de\\\/#breadcrumb\",\"itemListElement\":[{\"@type\":\"ListItem\",\"position\":1,\"name\":\"Start\",\"item\":\"https:\\\/\\\/www.eftexlogistics.nl\\\/de\\\/\"},{\"@type\":\"ListItem\",\"position\":2,\"name\":\"Start\"}]},{\"@type\":\"WebSite\",\"@id\":\"https:\\\/\\\/www.eftexlogistics.nl\\\/de\\\/#website\",\"url\":\"https:\\\/\\\/www.eftexlogistics.nl\\\/de\\\/\",\"name\":\"Eftexlogistics\",\"description\":\"Clever Cargo Management\",\"publisher\":{\"@id\":\"https:\\\/\\\/www.eftexlogistics.nl\\\/de\\\/#organization\"},\"potentialAction\":[{\"@type\":\"SearchAction\",\"target\":{\"@type\":\"EntryPoint\",\"urlTemplate\":\"https:\\\/\\\/www.eftexlogistics.nl\\\/de\\\/?s={search_term_string}\"},\"query-input\":{\"@type\":\"PropertyValueSpecification\",\"valueRequired\":true,\"valueName\":\"search_term_string\"}}],\"inLanguage\":\"de\"},{\"@type\":\"Organization\",\"@id\":\"https:\\\/\\\/www.eftexlogistics.nl\\\/de\\\/#organization\",\"name\":\"Eftexlogistics B.V.\",\"url\":\"https:\\\/\\\/www.eftexlogistics.nl\\\/de\\\/\",\"logo\":{\"@type\":\"ImageObject\",\"inLanguage\":\"de\",\"@id\":\"https:\\\/\\\/www.eftexlogistics.nl\\\/de\\\/#\\\/schema\\\/logo\\\/image\\\/\",\"url\":\"\",\"contentUrl\":\"\",\"caption\":\"Eftexlogistics B.V.\"},\"image\":{\"@id\":\"https:\\\/\\\/www.eftexlogistics.nl\\\/de\\\/#\\\/schema\\\/logo\\\/image\\\/\"}}]}<\/script>","yoast_head_json":{"title":"Transport aus Benelux in die Schweiz und umgekehrt","description":"Tagt\u00e4glich entlasten wir unz\u00e4hlige Verlader und Logistikdienstleister rund um den G\u00fcterverkehr aus Benelux in die Schweiz und umgekehrt.","robots":{"index":"index","follow":"follow","max-snippet":"max-snippet:-1","max-image-preview":"max-image-preview:large","max-video-preview":"max-video-preview:-1"},"canonical":"https:\/\/www.eftexlogistics.nl\/de\/","twitter_misc":{"Gesch\u00e4tzte Lesezeit":"1\u00a0Minute"},"schema":{"@context":"https:\/\/schema.org","@graph":[{"@type":"WebPage","@id":"https:\/\/www.eftexlogistics.nl\/de\/","url":"https:\/\/www.eftexlogistics.nl\/de\/","name":"Transport aus Benelux in die Schweiz und umgekehrt","isPartOf":{"@id":"https:\/\/www.eftexlogistics.nl\/de\/#website"},"primaryImageOfPage":{"@id":"https:\/\/www.eftexlogistics.nl\/de\/#primaryimage"},"image":{"@id":"https:\/\/www.eftexlogistics.nl\/de\/#primaryimage"},"thumbnailUrl":"https:\/\/www.eftexlogistics.nl\/wp-content\/uploads\/\/2021\/01\/vector-management-group.svg","datePublished":"2021-04-14T07:32:48+00:00","dateModified":"2021-05-12T12:41:18+00:00","description":"Tagt\u00e4glich entlasten wir unz\u00e4hlige Verlader und Logistikdienstleister rund um den G\u00fcterverkehr aus Benelux in die Schweiz und umgekehrt.","breadcrumb":{"@id":"https:\/\/www.eftexlogistics.nl\/de\/#breadcrumb"},"inLanguage":"de","potentialAction":[{"@type":"ReadAction","target":["https:\/\/www.eftexlogistics.nl\/de\/"]}]},{"@type":"ImageObject","inLanguage":"de","@id":"https:\/\/www.eftexlogistics.nl\/de\/#primaryimage","url":"https:\/\/www.eftexlogistics.nl\/wp-content\/uploads\/\/2021\/01\/vector-management-group.svg","contentUrl":"https:\/\/www.eftexlogistics.nl\/wp-content\/uploads\/\/2021\/01\/vector-management-group.svg"},{"@type":"BreadcrumbList","@id":"https:\/\/www.eftexlogistics.nl\/de\/#breadcrumb","itemListElement":[{"@type":"ListItem","position":1,"name":"Start","item":"https:\/\/www.eftexlogistics.nl\/de\/"},{"@type":"ListItem","position":2,"name":"Start"}]},{"@type":"WebSite","@id":"https:\/\/www.eftexlogistics.nl\/de\/#website","url":"https:\/\/www.eftexlogistics.nl\/de\/","name":"Eftexlogistics","description":"Clever Cargo Management","publisher":{"@id":"https:\/\/www.eftexlogistics.nl\/de\/#organization"},"potentialAction":[{"@type":"SearchAction","target":{"@type":"EntryPoint","urlTemplate":"https:\/\/www.eftexlogistics.nl\/de\/?s={search_term_string}"},"query-input":{"@type":"PropertyValueSpecification","valueRequired":true,"valueName":"search_term_string"}}],"inLanguage":"de"},{"@type":"Organization","@id":"https:\/\/www.eftexlogistics.nl\/de\/#organization","name":"Eftexlogistics B.V.","url":"https:\/\/www.eftexlogistics.nl\/de\/","logo":{"@type":"ImageObject","inLanguage":"de","@id":"https:\/\/www.eftexlogistics.nl\/de\/#\/schema\/logo\/image\/","url":"","contentUrl":"","caption":"Eftexlogistics B.V."},"image":{"@id":"https:\/\/www.eftexlogistics.nl\/de\/#\/schema\/logo\/image\/"}}]}},"_links":{"self":[{"href":"https:\/\/www.eftexlogistics.nl\/de\/wp-json\/wp\/v2\/pages\/5518","targetHints":{"allow":["GET"]}}],"collection":[{"href":"https:\/\/www.eftexlogistics.nl\/de\/wp-json\/wp\/v2\/pages"}],"about":[{"href":"https:\/\/www.eftexlogistics.nl\/de\/wp-json\/wp\/v2\/types\/page"}],"author":[{"embeddable":true,"href":"https:\/\/www.eftexlogistics.nl\/de\/wp-json\/wp\/v2\/users\/1"}],"replies":[{"embeddable":true,"href":"https:\/\/www.eftexlogistics.nl\/de\/wp-json\/wp\/v2\/comments?post=5518"}],"version-history":[{"count":0,"href":"https:\/\/www.eftexlogistics.nl\/de\/wp-json\/wp\/v2\/pages\/5518\/revisions"}],"wp:attachment":[{"href":"https:\/\/www.eftexlogistics.nl\/de\/wp-json\/wp\/v2\/media?parent=5518"}],"curies":[{"name":"wp","href":"https:\/\/api.w.org\/{rel}","templated":true}]}}