{"id":5568,"date":"2021-04-14T09:33:42","date_gmt":"2021-04-14T07:33:42","guid":{"rendered":"https:\/\/eftexlogistics.nl\/zollabfertigung-beim-transport-von-der-und-in-die-schweiz\/"},"modified":"2021-05-12T14:45:32","modified_gmt":"2021-05-12T12:45:32","slug":"zollabfertigung-beim-transport-von-der-und-in-die-schweiz","status":"publish","type":"page","link":"https:\/\/www.eftexlogistics.nl\/de\/zollabfertigung-beim-transport-von-der-und-in-die-schweiz\/","title":{"rendered":"Zollabfertigung beim Transport aus Benelux in die Schweiz und umgekehrt"},"content":{"rendered":"<div class=\"gb-container gb-container-cd67deb7\"><div class=\"gb-inside-container\">\n<div class=\"gb-grid-wrapper gb-grid-wrapper-22fb59e4\">\n<div class=\"gb-grid-column gb-grid-column-fb706260\"><div class=\"gb-container gb-container-fb706260\"><div class=\"gb-inside-container\">\n<h2 class=\"gb-headline gb-headline-5bc45f76 gb-headline-text\">Unbesorgt durch den Schweizer Zoll<\/h2>\n\n<div class=\"gb-headline gb-headline-2b2468aa\"><span class=\"gb-icon\"><svg xmlns=\"http:\/\/www.w3.org\/2000\/svg\" viewBox=\"0 0 36.7 3\"><path d=\"M0 0h36.7v3H0z\"><\/path><\/svg><\/span><\/div>\n\n\n<p>Die Schweiz ist nicht Teil der EU. Demzufolge gelten in der Schweiz andere Prozesse und Vorschriften rund um die Zollabfertigung.<\/p>\n\n\n\n<h3 class=\"wp-block-heading\"><strong>Ausfuhrzollanmeldungen und Einfuhrzollanmeldungen von G\u00fctern<\/strong><\/h3>\n\n\n\n<p>Eine der Konsequenzen ist, dass f\u00fcr G\u00fcter, die in die Schweiz bef\u00f6rdert werden, eine Ausfuhrzollanmeldung erforderlich ist. In der entgegengesetzten Richtung ist f\u00fcr G\u00fcter, die in Benelux eingef\u00fchrt werden, eine Einfuhrzollanmeldung erforderlich. Dazu werden diverse Papiere ben\u00f6tigt, wie beispielsweise:<\/p>\n\n\n\n<ul class=\"wp-block-list\"><li>Ausfuhrpapiere<\/li><li>Bewilligungen<\/li><li>Zertifikate<\/li><li>Produktanforderungen<\/li><\/ul>\n\n\n<h3 class=\"gb-headline gb-headline-711bcbfb gb-headline-text\"><strong>Zollformalit\u00e4ten f\u00fcr den Transport in die Schweiz<\/strong><\/h3>\n\n\n<p>Unsere Disponenten sind mit der Vorbereitung und Abwicklung der Zollformalit\u00e4ten, die in der Schweiz gelten, besonders erfahren. Unsere Spezialisten k\u00fcmmern sich um alle notwendigen Formalit\u00e4ten, die beim G\u00fcterimport in die Schweiz und G\u00fcterexport von der Schweiz anfallen.&#13;\nUnser Team k\u00fcmmert sich um:<\/p>\n\n\n\n<ul class=\"wp-block-list\"><li>Abrufen von Dokumenten vom Absender<\/li><li>Ausfuhranmeldung beim Zoll<\/li><li>Einfuhranmeldung beim Zoll<\/li><\/ul>\n\n\n\n<p>M\u00f6chten Sie mehr \u00fcber unsere Dienstleistungen rund um den Zoll in der Schweiz erfahren? Nehmen Sie dann gerne Kontakt mit uns auf.<\/p>\n\n\n<div class=\"gb-button-wrapper gb-button-wrapper-88aee9da\">\n<a class=\"gb-button gb-button-daa03779 gb-button-text btn-primary btn-shadow btn-animation\" href=\"https:\/\/www.eftexlogistics.nl\/de\/kontakt\/\">Kontakt aufnehmen<\/a>\n<\/div>\n<\/div><\/div><\/div>\n\n<div class=\"gb-grid-column gb-grid-column-12924e5b\"><div class=\"gb-container gb-container-12924e5b\"><div class=\"gb-inside-container\">\n\n<figure class=\"wp-block-image size-large bottom-border img\"><img loading=\"lazy\" decoding=\"async\" width=\"1024\" height=\"768\" src=\"https:\/\/www.eftexlogistics.nl\/wp-content\/uploads\/2021\/02\/foto4-3-1024x768.jpeg\" alt=\"\" class=\"wp-image-5249\" srcset=\"https:\/\/www.eftexlogistics.nl\/wp-content\/uploads\/2021\/02\/foto4-3-1024x768.jpeg 1024w, https:\/\/www.eftexlogistics.nl\/wp-content\/uploads\/2021\/02\/foto4-3-300x225.jpeg 300w, https:\/\/www.eftexlogistics.nl\/wp-content\/uploads\/2021\/02\/foto4-3-768x576.jpeg 768w, https:\/\/www.eftexlogistics.nl\/wp-content\/uploads\/2021\/02\/foto4-3-1536x1152.jpeg 1536w, https:\/\/www.eftexlogistics.nl\/wp-content\/uploads\/2021\/02\/foto4-3.jpeg 1600w\" sizes=\"auto, (max-width: 1024px) 100vw, 1024px\" \/><\/figure>\n\n<\/div><\/div><\/div>\n<\/div>\n<\/div><\/div>","protected":false},"excerpt":{"rendered":"","protected":false},"author":3,"featured_media":0,"parent":0,"menu_order":20,"comment_status":"closed","ping_status":"closed","template":"","meta":{"_acf_changed":false,"inline_featured_image":false,"footnotes":""},"class_list":["post-5568","page","type-page","status-publish"],"acf":[],"yoast_head":"<title>Zollabfertigung beim Transport aus Benelux in die Schweiz und umgekehrt - Eftex Logistics<\/title>\n<meta name=\"description\" content=\"Die Schweiz ist nicht Teil der EU. Demzufolge gelten in der Schweiz andere Prozesse und Vorschriften rund um die Zollabfertigung.\" \/>\n<meta name=\"robots\" content=\"index, follow, max-snippet:-1, max-image-preview:large, max-video-preview:-1\" \/>\n<link rel=\"canonical\" href=\"https:\/\/www.eftexlogistics.nl\/de\/zollabfertigung-beim-transport-von-der-und-in-die-schweiz\/\" \/>\n<meta name=\"twitter:label1\" content=\"Gesch\u00e4tzte Lesezeit\" \/>\n\t<meta name=\"twitter:data1\" content=\"1\u00a0Minute\" \/>\n<script type=\"application\/ld+json\" class=\"yoast-schema-graph\">{\"@context\":\"https:\\\/\\\/schema.org\",\"@graph\":[{\"@type\":\"WebPage\",\"@id\":\"https:\\\/\\\/www.eftexlogistics.nl\\\/de\\\/zollabfertigung-beim-transport-von-der-und-in-die-schweiz\\\/\",\"url\":\"https:\\\/\\\/www.eftexlogistics.nl\\\/de\\\/zollabfertigung-beim-transport-von-der-und-in-die-schweiz\\\/\",\"name\":\"Zollabfertigung beim Transport aus Benelux in die Schweiz und umgekehrt - Eftex Logistics\",\"isPartOf\":{\"@id\":\"https:\\\/\\\/www.eftexlogistics.nl\\\/de\\\/#website\"},\"primaryImageOfPage\":{\"@id\":\"https:\\\/\\\/www.eftexlogistics.nl\\\/de\\\/zollabfertigung-beim-transport-von-der-und-in-die-schweiz\\\/#primaryimage\"},\"image\":{\"@id\":\"https:\\\/\\\/www.eftexlogistics.nl\\\/de\\\/zollabfertigung-beim-transport-von-der-und-in-die-schweiz\\\/#primaryimage\"},\"thumbnailUrl\":\"https:\\\/\\\/www.eftexlogistics.nl\\\/wp-content\\\/uploads\\\/2021\\\/02\\\/foto4-3-1024x768.jpeg\",\"datePublished\":\"2021-04-14T07:33:42+00:00\",\"dateModified\":\"2021-05-12T12:45:32+00:00\",\"description\":\"Die Schweiz ist nicht Teil der EU. Demzufolge gelten in der Schweiz andere Prozesse und Vorschriften rund um die Zollabfertigung.\",\"breadcrumb\":{\"@id\":\"https:\\\/\\\/www.eftexlogistics.nl\\\/de\\\/zollabfertigung-beim-transport-von-der-und-in-die-schweiz\\\/#breadcrumb\"},\"inLanguage\":\"de\",\"potentialAction\":[{\"@type\":\"ReadAction\",\"target\":[\"https:\\\/\\\/www.eftexlogistics.nl\\\/de\\\/zollabfertigung-beim-transport-von-der-und-in-die-schweiz\\\/\"]}]},{\"@type\":\"ImageObject\",\"inLanguage\":\"de\",\"@id\":\"https:\\\/\\\/www.eftexlogistics.nl\\\/de\\\/zollabfertigung-beim-transport-von-der-und-in-die-schweiz\\\/#primaryimage\",\"url\":\"https:\\\/\\\/www.eftexlogistics.nl\\\/wp-content\\\/uploads\\\/2021\\\/02\\\/foto4-3-1024x768.jpeg\",\"contentUrl\":\"https:\\\/\\\/www.eftexlogistics.nl\\\/wp-content\\\/uploads\\\/2021\\\/02\\\/foto4-3-1024x768.jpeg\"},{\"@type\":\"BreadcrumbList\",\"@id\":\"https:\\\/\\\/www.eftexlogistics.nl\\\/de\\\/zollabfertigung-beim-transport-von-der-und-in-die-schweiz\\\/#breadcrumb\",\"itemListElement\":[{\"@type\":\"ListItem\",\"position\":1,\"name\":\"Start\",\"item\":\"https:\\\/\\\/www.eftexlogistics.nl\\\/de\\\/\"},{\"@type\":\"ListItem\",\"position\":2,\"name\":\"Zollabfertigung beim Transport aus Benelux in die Schweiz und umgekehrt\"}]},{\"@type\":\"WebSite\",\"@id\":\"https:\\\/\\\/www.eftexlogistics.nl\\\/de\\\/#website\",\"url\":\"https:\\\/\\\/www.eftexlogistics.nl\\\/de\\\/\",\"name\":\"Eftexlogistics\",\"description\":\"Clever Cargo Management\",\"publisher\":{\"@id\":\"https:\\\/\\\/www.eftexlogistics.nl\\\/de\\\/#organization\"},\"potentialAction\":[{\"@type\":\"SearchAction\",\"target\":{\"@type\":\"EntryPoint\",\"urlTemplate\":\"https:\\\/\\\/www.eftexlogistics.nl\\\/de\\\/?s={search_term_string}\"},\"query-input\":{\"@type\":\"PropertyValueSpecification\",\"valueRequired\":true,\"valueName\":\"search_term_string\"}}],\"inLanguage\":\"de\"},{\"@type\":\"Organization\",\"@id\":\"https:\\\/\\\/www.eftexlogistics.nl\\\/de\\\/#organization\",\"name\":\"Eftexlogistics B.V.\",\"url\":\"https:\\\/\\\/www.eftexlogistics.nl\\\/de\\\/\",\"logo\":{\"@type\":\"ImageObject\",\"inLanguage\":\"de\",\"@id\":\"https:\\\/\\\/www.eftexlogistics.nl\\\/de\\\/#\\\/schema\\\/logo\\\/image\\\/\",\"url\":\"\",\"contentUrl\":\"\",\"caption\":\"Eftexlogistics B.V.\"},\"image\":{\"@id\":\"https:\\\/\\\/www.eftexlogistics.nl\\\/de\\\/#\\\/schema\\\/logo\\\/image\\\/\"}}]}<\/script>","yoast_head_json":{"title":"Zollabfertigung beim Transport aus Benelux in die Schweiz und umgekehrt - Eftex Logistics","description":"Die Schweiz ist nicht Teil der EU. Demzufolge gelten in der Schweiz andere Prozesse und Vorschriften rund um die Zollabfertigung.","robots":{"index":"index","follow":"follow","max-snippet":"max-snippet:-1","max-image-preview":"max-image-preview:large","max-video-preview":"max-video-preview:-1"},"canonical":"https:\/\/www.eftexlogistics.nl\/de\/zollabfertigung-beim-transport-von-der-und-in-die-schweiz\/","twitter_misc":{"Gesch\u00e4tzte Lesezeit":"1\u00a0Minute"},"schema":{"@context":"https:\/\/schema.org","@graph":[{"@type":"WebPage","@id":"https:\/\/www.eftexlogistics.nl\/de\/zollabfertigung-beim-transport-von-der-und-in-die-schweiz\/","url":"https:\/\/www.eftexlogistics.nl\/de\/zollabfertigung-beim-transport-von-der-und-in-die-schweiz\/","name":"Zollabfertigung beim Transport aus Benelux in die Schweiz und umgekehrt - Eftex Logistics","isPartOf":{"@id":"https:\/\/www.eftexlogistics.nl\/de\/#website"},"primaryImageOfPage":{"@id":"https:\/\/www.eftexlogistics.nl\/de\/zollabfertigung-beim-transport-von-der-und-in-die-schweiz\/#primaryimage"},"image":{"@id":"https:\/\/www.eftexlogistics.nl\/de\/zollabfertigung-beim-transport-von-der-und-in-die-schweiz\/#primaryimage"},"thumbnailUrl":"https:\/\/www.eftexlogistics.nl\/wp-content\/uploads\/2021\/02\/foto4-3-1024x768.jpeg","datePublished":"2021-04-14T07:33:42+00:00","dateModified":"2021-05-12T12:45:32+00:00","description":"Die Schweiz ist nicht Teil der EU. Demzufolge gelten in der Schweiz andere Prozesse und Vorschriften rund um die Zollabfertigung.","breadcrumb":{"@id":"https:\/\/www.eftexlogistics.nl\/de\/zollabfertigung-beim-transport-von-der-und-in-die-schweiz\/#breadcrumb"},"inLanguage":"de","potentialAction":[{"@type":"ReadAction","target":["https:\/\/www.eftexlogistics.nl\/de\/zollabfertigung-beim-transport-von-der-und-in-die-schweiz\/"]}]},{"@type":"ImageObject","inLanguage":"de","@id":"https:\/\/www.eftexlogistics.nl\/de\/zollabfertigung-beim-transport-von-der-und-in-die-schweiz\/#primaryimage","url":"https:\/\/www.eftexlogistics.nl\/wp-content\/uploads\/2021\/02\/foto4-3-1024x768.jpeg","contentUrl":"https:\/\/www.eftexlogistics.nl\/wp-content\/uploads\/2021\/02\/foto4-3-1024x768.jpeg"},{"@type":"BreadcrumbList","@id":"https:\/\/www.eftexlogistics.nl\/de\/zollabfertigung-beim-transport-von-der-und-in-die-schweiz\/#breadcrumb","itemListElement":[{"@type":"ListItem","position":1,"name":"Start","item":"https:\/\/www.eftexlogistics.nl\/de\/"},{"@type":"ListItem","position":2,"name":"Zollabfertigung beim Transport aus Benelux in die Schweiz und umgekehrt"}]},{"@type":"WebSite","@id":"https:\/\/www.eftexlogistics.nl\/de\/#website","url":"https:\/\/www.eftexlogistics.nl\/de\/","name":"Eftexlogistics","description":"Clever Cargo Management","publisher":{"@id":"https:\/\/www.eftexlogistics.nl\/de\/#organization"},"potentialAction":[{"@type":"SearchAction","target":{"@type":"EntryPoint","urlTemplate":"https:\/\/www.eftexlogistics.nl\/de\/?s={search_term_string}"},"query-input":{"@type":"PropertyValueSpecification","valueRequired":true,"valueName":"search_term_string"}}],"inLanguage":"de"},{"@type":"Organization","@id":"https:\/\/www.eftexlogistics.nl\/de\/#organization","name":"Eftexlogistics B.V.","url":"https:\/\/www.eftexlogistics.nl\/de\/","logo":{"@type":"ImageObject","inLanguage":"de","@id":"https:\/\/www.eftexlogistics.nl\/de\/#\/schema\/logo\/image\/","url":"","contentUrl":"","caption":"Eftexlogistics B.V."},"image":{"@id":"https:\/\/www.eftexlogistics.nl\/de\/#\/schema\/logo\/image\/"}}]}},"_links":{"self":[{"href":"https:\/\/www.eftexlogistics.nl\/de\/wp-json\/wp\/v2\/pages\/5568","targetHints":{"allow":["GET"]}}],"collection":[{"href":"https:\/\/www.eftexlogistics.nl\/de\/wp-json\/wp\/v2\/pages"}],"about":[{"href":"https:\/\/www.eftexlogistics.nl\/de\/wp-json\/wp\/v2\/types\/page"}],"author":[{"embeddable":true,"href":"https:\/\/www.eftexlogistics.nl\/de\/wp-json\/wp\/v2\/users\/3"}],"replies":[{"embeddable":true,"href":"https:\/\/www.eftexlogistics.nl\/de\/wp-json\/wp\/v2\/comments?post=5568"}],"version-history":[{"count":0,"href":"https:\/\/www.eftexlogistics.nl\/de\/wp-json\/wp\/v2\/pages\/5568\/revisions"}],"wp:attachment":[{"href":"https:\/\/www.eftexlogistics.nl\/de\/wp-json\/wp\/v2\/media?parent=5568"}],"curies":[{"name":"wp","href":"https:\/\/api.w.org\/{rel}","templated":true}]}}