{"id":5581,"date":"2021-04-14T09:34:27","date_gmt":"2021-04-14T07:34:27","guid":{"rendered":"https:\/\/eftexlogistics.nl\/transport-in-die-schweiz-und-zurueck\/"},"modified":"2021-05-12T11:13:55","modified_gmt":"2021-05-12T09:13:55","slug":"transport-in-die-schweiz-und-zurueck","status":"publish","type":"page","link":"https:\/\/www.eftexlogistics.nl\/de\/transport-in-die-schweiz-und-zurueck\/","title":{"rendered":"Transporte aus Benelux in die Schweiz und umgekehrt"},"content":{"rendered":"<div class=\"gb-container gb-container-bab462e6\"><div class=\"gb-inside-container\">\n<div class=\"gb-grid-wrapper gb-grid-wrapper-b7922a19\">\n<div class=\"gb-grid-column gb-grid-column-25216a6f\"><div class=\"gb-container gb-container-25216a6f\"><div class=\"gb-inside-container\">\n<h2 class=\"gb-headline gb-headline-74b1f320 gb-headline-text\">Transport aus Benelux in die Schweiz und umgekehrt<\/h2>\r\n\n\n<div class=\"gb-headline gb-headline-a4c81ede\"><span class=\"gb-icon\"><svg xmlns=\"http:\/\/www.w3.org\/2000\/svg\" viewBox=\"0 0 36.7 3\"><path d=\"M0 0h36.7v3H0z\"><\/path><\/svg><\/span><\/div>\r\n\n\n\n<p>Die Schweizer Wege bergen f\u00fcr uns keine Geheimnisse. Schon seit Jahren steuern unsere Fahrer alle Ecken dieses wundersch\u00f6nen Landes an.<\/p>\n\n\n\n<p>Jeden Tag entlasten wir eine Vielzahl von Verladern und Transportunternehmen mit Dienstleistungen rund um den Transport aus Benelux in die Schweiz und umgekehrt. Was uns von anderen Transportpartnern unterscheidet, ist unser Ansatz. Wir denken gerne weiter, und stimmen gemeinsam mit Ihnen ab, wie der Transport am effizientesten abgewickelt werden kann. Unser spezifischer Ansatz, Clever Cargo Management genannt, setzt auf drei S\u00e4ulen der Effizienz:<\/p>\n\n\n\n<ul class=\"wp-block-list\"><li><strong>K\u00fcrzeste Transportdauer<\/strong><\/li><li><strong>Geringere Kosten<\/strong><\/li><li><strong>Geringere Umweltbelastung<\/strong><\/li><\/ul>\n\n\n\n<p>F\u00fcr unsere Auftraggeber transportieren wir Komplettladungen (Full Truck Load, FTL) zu verschiedenen endg\u00fcltigen Bestimmungsorten in der Schweiz und zur\u00fcck nach Benelux.<\/p>\n\n\n<h3 class=\"gb-headline gb-headline-337a1bd6 gb-headline-text\"><strong>Kundenspezifische L\u00f6sungen und fachkundige Beratung<\/strong><\/h3>\r\n\n\n\n<p>Wenn es sich um den Transport in die Schweiz handelt, sind wir auf allen Gebieten beschlagen. Kein einziger Transport ist wie der andere. Deshalb bieten wir verschiedene Optionen an. Je nach den W\u00fcnschen und Anforderungen unserer Auftraggeber stehen Ihnen unsere Experten mit fachkundiger Beratung zur Seite, um den besten Service zu gew\u00e4hrleisten.<\/p>\n\n\n<h3 class=\"gb-headline gb-headline-f2ffe58f gb-headline-text\"><strong>ADR- und M\u00fclltransporte aus Benelux in die Schweiz und umgekehrt<\/strong><\/h3>\r\n\n\n\n<p>Gefahrguttransporte aus Benelux in die Schweiz und umgekehrt sind ein Spezialgebiet. Insbesondere, da bei Transporten au\u00dferhalb der EU spezifische Kenntnisse der Gesetze und Vorschriften eine Voraussetzung sind. Mit unseren Fahrern und Disponenten, die Ihnen zur Seite stehen, k\u00f6nnen Sie Ihre <a href=\"https:\/\/www.eftexlogistics.nl\/de\/adr-und-muelltransporte\/\">ADR- und M\u00fclltransporte<\/a> beruhigt in unsere H\u00e4nde legen.&#13;\n&#13;\n <\/p>\n\n\n\n<p>Sind Sie gespannt, welche Transportvariante f\u00fcr Sie am besten geeignet ist? Nehmen Sie dann unverbindlich mit uns Kontakt auf.<\/p>\n\n\n<div class=\"gb-button-wrapper gb-button-wrapper-4d1aeeae\">\n<a class=\"gb-button gb-button-a25074e7 gb-button-text btn-primary btn-shadow btn-animation\" href=\"https:\/\/www.eftexlogistics.nl\/de\/kontakt\/\">Kontakt aufnehmen<\/a>\r\n\n<\/div>\n<\/div><\/div><\/div>\n\n<div class=\"gb-grid-column gb-grid-column-15e7a9f6\"><div class=\"gb-container gb-container-15e7a9f6\"><div class=\"gb-inside-container\">\n\n<figure class=\"wp-block-image size-large left-border img\"><img loading=\"lazy\" decoding=\"async\" width=\"843\" height=\"855\" src=\"https:\/\/www.eftexlogistics.nl\/wp-content\/uploads\/2021\/02\/eftext_transport_zwitserland_sneeuw.jpg\" alt=\"\" class=\"wp-image-5583\" srcset=\"https:\/\/www.eftexlogistics.nl\/wp-content\/uploads\/2021\/02\/eftext_transport_zwitserland_sneeuw.jpg 843w, https:\/\/www.eftexlogistics.nl\/wp-content\/uploads\/2021\/02\/eftext_transport_zwitserland_sneeuw-296x300.jpg 296w, https:\/\/www.eftexlogistics.nl\/wp-content\/uploads\/2021\/02\/eftext_transport_zwitserland_sneeuw-768x779.jpg 768w\" sizes=\"auto, (max-width: 843px) 100vw, 843px\" \/><\/figure>\n\n<\/div><\/div><\/div>\n<\/div>\n<\/div><\/div><div class=\"gb-container gb-container-26c1dc80\"><div class=\"gb-inside-container\">\n<div class=\"gb-grid-wrapper gb-grid-wrapper-deff7d97\">\n<div class=\"gb-grid-column gb-grid-column-f3e0d0c1\"><div class=\"gb-container gb-container-f3e0d0c1\"><div class=\"gb-inside-container\">\n\n<div class=\"wp-block-image right-border img\"><figure class=\"alignright size-large\"><img loading=\"lazy\" decoding=\"async\" width=\"683\" height=\"1024\" src=\"https:\/\/www.eftexlogistics.nl\/wp-content\/uploads\/2021\/02\/AdobeStock_49287982-683x1024.jpeg\" alt=\"\" class=\"wp-image-5252\" srcset=\"https:\/\/www.eftexlogistics.nl\/wp-content\/uploads\/2021\/02\/AdobeStock_49287982-683x1024.jpeg 683w, https:\/\/www.eftexlogistics.nl\/wp-content\/uploads\/2021\/02\/AdobeStock_49287982-200x300.jpeg 200w, https:\/\/www.eftexlogistics.nl\/wp-content\/uploads\/2021\/02\/AdobeStock_49287982-768x1152.jpeg 768w, https:\/\/www.eftexlogistics.nl\/wp-content\/uploads\/2021\/02\/AdobeStock_49287982-1024x1536.jpeg 1024w, https:\/\/www.eftexlogistics.nl\/wp-content\/uploads\/2021\/02\/AdobeStock_49287982-1366x2048.jpeg 1366w, https:\/\/www.eftexlogistics.nl\/wp-content\/uploads\/2021\/02\/AdobeStock_49287982-scaled.jpeg 1707w\" sizes=\"auto, (max-width: 683px) 100vw, 683px\" \/><\/figure><\/div>\n\n<\/div><\/div><\/div>\n\n<div class=\"gb-grid-column gb-grid-column-f335cd41\"><div class=\"gb-container gb-container-f335cd41\"><div class=\"gb-inside-container\">\n<h3 class=\"gb-headline gb-headline-2ea1599a gb-headline-text\"><\/h3>\r\n\n\n<h3 class=\"gb-headline gb-headline-9bdb8738 gb-headline-text\"><strong>Gut ger\u00fcstet \u00fcber die Schweizer Grenze<\/strong><\/h3>\r\n\n\n\n<p>Der Export in die Schweiz unterliegt dem Zoll, wodurch er etwas komplizierter abzuwickeln ist als der Transport in ein EU-Land. Mit unseren umfangreichen Kenntnissen und Erfahrungen auf diesem Gebiet unterst\u00fctzen wir Sie m\u00fchelos bei Prozessen rund um die Zollabfertigung von Transporten in die Schweiz.<\/p>\n\n\n\n<p>Haben Sie Fragen? Setzen Sie sich direkt mit unseren Experten in Verbindung. Sie sind jederzeit bereit, Ihre Fragen zu beantworten.<\/p>\n\n\n<div class=\"gb-button-wrapper gb-button-wrapper-ee28eb4a\">\n<a class=\"gb-button gb-button-f9e00198 gb-button-text btn-primary btn-shadow btn-animation\" href=\"https:\/\/www.eftexlogistics.nl\/de\/kontakt\/\">Kontakt aufnehmen<\/a>\r\n\n<\/div>\n<\/div><\/div><\/div>\n<\/div>\n<\/div><\/div>","protected":false},"excerpt":{"rendered":"","protected":false},"author":3,"featured_media":0,"parent":0,"menu_order":20,"comment_status":"closed","ping_status":"closed","template":"","meta":{"_acf_changed":false,"inline_featured_image":false,"footnotes":""},"class_list":["post-5581","page","type-page","status-publish"],"acf":[],"yoast_head":"<title>Transporte aus Benelux in die Schweiz und umgekehrt - Eftex Logistics<\/title>\n<meta name=\"description\" content=\"Jeden Tag entlasten wir eine Vielzahl von Verladern und Transportunternehmen mit Transportdienstleistungen aus Benelux in die Schweiz und umgekehrt.\" \/>\n<meta name=\"robots\" content=\"index, follow, max-snippet:-1, max-image-preview:large, max-video-preview:-1\" \/>\n<link rel=\"canonical\" href=\"https:\/\/www.eftexlogistics.nl\/de\/transport-in-die-schweiz-und-zurueck\/\" \/>\n<meta name=\"twitter:label1\" content=\"Gesch\u00e4tzte Lesezeit\" \/>\n\t<meta name=\"twitter:data1\" content=\"2\u00a0Minuten\" \/>\n<script type=\"application\/ld+json\" class=\"yoast-schema-graph\">{\"@context\":\"https:\\\/\\\/schema.org\",\"@graph\":[{\"@type\":\"WebPage\",\"@id\":\"https:\\\/\\\/www.eftexlogistics.nl\\\/de\\\/transport-in-die-schweiz-und-zurueck\\\/\",\"url\":\"https:\\\/\\\/www.eftexlogistics.nl\\\/de\\\/transport-in-die-schweiz-und-zurueck\\\/\",\"name\":\"Transporte aus Benelux in die Schweiz und umgekehrt - Eftex Logistics\",\"isPartOf\":{\"@id\":\"https:\\\/\\\/www.eftexlogistics.nl\\\/de\\\/#website\"},\"primaryImageOfPage\":{\"@id\":\"https:\\\/\\\/www.eftexlogistics.nl\\\/de\\\/transport-in-die-schweiz-und-zurueck\\\/#primaryimage\"},\"image\":{\"@id\":\"https:\\\/\\\/www.eftexlogistics.nl\\\/de\\\/transport-in-die-schweiz-und-zurueck\\\/#primaryimage\"},\"thumbnailUrl\":\"https:\\\/\\\/www.eftexlogistics.nl\\\/wp-content\\\/uploads\\\/2021\\\/02\\\/eftext_transport_zwitserland_sneeuw.jpg\",\"datePublished\":\"2021-04-14T07:34:27+00:00\",\"dateModified\":\"2021-05-12T09:13:55+00:00\",\"description\":\"Jeden Tag entlasten wir eine Vielzahl von Verladern und Transportunternehmen mit Transportdienstleistungen aus Benelux in die Schweiz und umgekehrt.\",\"breadcrumb\":{\"@id\":\"https:\\\/\\\/www.eftexlogistics.nl\\\/de\\\/transport-in-die-schweiz-und-zurueck\\\/#breadcrumb\"},\"inLanguage\":\"de\",\"potentialAction\":[{\"@type\":\"ReadAction\",\"target\":[\"https:\\\/\\\/www.eftexlogistics.nl\\\/de\\\/transport-in-die-schweiz-und-zurueck\\\/\"]}]},{\"@type\":\"ImageObject\",\"inLanguage\":\"de\",\"@id\":\"https:\\\/\\\/www.eftexlogistics.nl\\\/de\\\/transport-in-die-schweiz-und-zurueck\\\/#primaryimage\",\"url\":\"https:\\\/\\\/www.eftexlogistics.nl\\\/wp-content\\\/uploads\\\/2021\\\/02\\\/eftext_transport_zwitserland_sneeuw.jpg\",\"contentUrl\":\"https:\\\/\\\/www.eftexlogistics.nl\\\/wp-content\\\/uploads\\\/2021\\\/02\\\/eftext_transport_zwitserland_sneeuw.jpg\"},{\"@type\":\"BreadcrumbList\",\"@id\":\"https:\\\/\\\/www.eftexlogistics.nl\\\/de\\\/transport-in-die-schweiz-und-zurueck\\\/#breadcrumb\",\"itemListElement\":[{\"@type\":\"ListItem\",\"position\":1,\"name\":\"Start\",\"item\":\"https:\\\/\\\/www.eftexlogistics.nl\\\/de\\\/\"},{\"@type\":\"ListItem\",\"position\":2,\"name\":\"Transporte aus Benelux in die Schweiz und umgekehrt\"}]},{\"@type\":\"WebSite\",\"@id\":\"https:\\\/\\\/www.eftexlogistics.nl\\\/de\\\/#website\",\"url\":\"https:\\\/\\\/www.eftexlogistics.nl\\\/de\\\/\",\"name\":\"Eftexlogistics\",\"description\":\"Clever Cargo Management\",\"publisher\":{\"@id\":\"https:\\\/\\\/www.eftexlogistics.nl\\\/de\\\/#organization\"},\"potentialAction\":[{\"@type\":\"SearchAction\",\"target\":{\"@type\":\"EntryPoint\",\"urlTemplate\":\"https:\\\/\\\/www.eftexlogistics.nl\\\/de\\\/?s={search_term_string}\"},\"query-input\":{\"@type\":\"PropertyValueSpecification\",\"valueRequired\":true,\"valueName\":\"search_term_string\"}}],\"inLanguage\":\"de\"},{\"@type\":\"Organization\",\"@id\":\"https:\\\/\\\/www.eftexlogistics.nl\\\/de\\\/#organization\",\"name\":\"Eftexlogistics B.V.\",\"url\":\"https:\\\/\\\/www.eftexlogistics.nl\\\/de\\\/\",\"logo\":{\"@type\":\"ImageObject\",\"inLanguage\":\"de\",\"@id\":\"https:\\\/\\\/www.eftexlogistics.nl\\\/de\\\/#\\\/schema\\\/logo\\\/image\\\/\",\"url\":\"\",\"contentUrl\":\"\",\"caption\":\"Eftexlogistics B.V.\"},\"image\":{\"@id\":\"https:\\\/\\\/www.eftexlogistics.nl\\\/de\\\/#\\\/schema\\\/logo\\\/image\\\/\"}}]}<\/script>","yoast_head_json":{"title":"Transporte aus Benelux in die Schweiz und umgekehrt - Eftex Logistics","description":"Jeden Tag entlasten wir eine Vielzahl von Verladern und Transportunternehmen mit Transportdienstleistungen aus Benelux in die Schweiz und umgekehrt.","robots":{"index":"index","follow":"follow","max-snippet":"max-snippet:-1","max-image-preview":"max-image-preview:large","max-video-preview":"max-video-preview:-1"},"canonical":"https:\/\/www.eftexlogistics.nl\/de\/transport-in-die-schweiz-und-zurueck\/","twitter_misc":{"Gesch\u00e4tzte Lesezeit":"2\u00a0Minuten"},"schema":{"@context":"https:\/\/schema.org","@graph":[{"@type":"WebPage","@id":"https:\/\/www.eftexlogistics.nl\/de\/transport-in-die-schweiz-und-zurueck\/","url":"https:\/\/www.eftexlogistics.nl\/de\/transport-in-die-schweiz-und-zurueck\/","name":"Transporte aus Benelux in die Schweiz und umgekehrt - Eftex Logistics","isPartOf":{"@id":"https:\/\/www.eftexlogistics.nl\/de\/#website"},"primaryImageOfPage":{"@id":"https:\/\/www.eftexlogistics.nl\/de\/transport-in-die-schweiz-und-zurueck\/#primaryimage"},"image":{"@id":"https:\/\/www.eftexlogistics.nl\/de\/transport-in-die-schweiz-und-zurueck\/#primaryimage"},"thumbnailUrl":"https:\/\/www.eftexlogistics.nl\/wp-content\/uploads\/2021\/02\/eftext_transport_zwitserland_sneeuw.jpg","datePublished":"2021-04-14T07:34:27+00:00","dateModified":"2021-05-12T09:13:55+00:00","description":"Jeden Tag entlasten wir eine Vielzahl von Verladern und Transportunternehmen mit Transportdienstleistungen aus Benelux in die Schweiz und umgekehrt.","breadcrumb":{"@id":"https:\/\/www.eftexlogistics.nl\/de\/transport-in-die-schweiz-und-zurueck\/#breadcrumb"},"inLanguage":"de","potentialAction":[{"@type":"ReadAction","target":["https:\/\/www.eftexlogistics.nl\/de\/transport-in-die-schweiz-und-zurueck\/"]}]},{"@type":"ImageObject","inLanguage":"de","@id":"https:\/\/www.eftexlogistics.nl\/de\/transport-in-die-schweiz-und-zurueck\/#primaryimage","url":"https:\/\/www.eftexlogistics.nl\/wp-content\/uploads\/2021\/02\/eftext_transport_zwitserland_sneeuw.jpg","contentUrl":"https:\/\/www.eftexlogistics.nl\/wp-content\/uploads\/2021\/02\/eftext_transport_zwitserland_sneeuw.jpg"},{"@type":"BreadcrumbList","@id":"https:\/\/www.eftexlogistics.nl\/de\/transport-in-die-schweiz-und-zurueck\/#breadcrumb","itemListElement":[{"@type":"ListItem","position":1,"name":"Start","item":"https:\/\/www.eftexlogistics.nl\/de\/"},{"@type":"ListItem","position":2,"name":"Transporte aus Benelux in die Schweiz und umgekehrt"}]},{"@type":"WebSite","@id":"https:\/\/www.eftexlogistics.nl\/de\/#website","url":"https:\/\/www.eftexlogistics.nl\/de\/","name":"Eftexlogistics","description":"Clever Cargo Management","publisher":{"@id":"https:\/\/www.eftexlogistics.nl\/de\/#organization"},"potentialAction":[{"@type":"SearchAction","target":{"@type":"EntryPoint","urlTemplate":"https:\/\/www.eftexlogistics.nl\/de\/?s={search_term_string}"},"query-input":{"@type":"PropertyValueSpecification","valueRequired":true,"valueName":"search_term_string"}}],"inLanguage":"de"},{"@type":"Organization","@id":"https:\/\/www.eftexlogistics.nl\/de\/#organization","name":"Eftexlogistics B.V.","url":"https:\/\/www.eftexlogistics.nl\/de\/","logo":{"@type":"ImageObject","inLanguage":"de","@id":"https:\/\/www.eftexlogistics.nl\/de\/#\/schema\/logo\/image\/","url":"","contentUrl":"","caption":"Eftexlogistics B.V."},"image":{"@id":"https:\/\/www.eftexlogistics.nl\/de\/#\/schema\/logo\/image\/"}}]}},"_links":{"self":[{"href":"https:\/\/www.eftexlogistics.nl\/de\/wp-json\/wp\/v2\/pages\/5581","targetHints":{"allow":["GET"]}}],"collection":[{"href":"https:\/\/www.eftexlogistics.nl\/de\/wp-json\/wp\/v2\/pages"}],"about":[{"href":"https:\/\/www.eftexlogistics.nl\/de\/wp-json\/wp\/v2\/types\/page"}],"author":[{"embeddable":true,"href":"https:\/\/www.eftexlogistics.nl\/de\/wp-json\/wp\/v2\/users\/3"}],"replies":[{"embeddable":true,"href":"https:\/\/www.eftexlogistics.nl\/de\/wp-json\/wp\/v2\/comments?post=5581"}],"version-history":[{"count":0,"href":"https:\/\/www.eftexlogistics.nl\/de\/wp-json\/wp\/v2\/pages\/5581\/revisions"}],"wp:attachment":[{"href":"https:\/\/www.eftexlogistics.nl\/de\/wp-json\/wp\/v2\/media?parent=5581"}],"curies":[{"name":"wp","href":"https:\/\/api.w.org\/{rel}","templated":true}]}}